{"id":621,"date":"2023-09-11T08:22:17","date_gmt":"2023-09-11T06:22:17","guid":{"rendered":"https:\/\/www.isabellakeilani.com\/wordpress\/home\/"},"modified":"2025-10-31T21:13:18","modified_gmt":"2025-10-31T20:13:18","slug":"home","status":"publish","type":"page","link":"https:\/\/www.isabellakeilani.com\/en\/","title":{"rendered":"Home"},"content":{"rendered":"<div  class=\"gs_wt526t row_wrap has-background\"><div id='bg_6a03fa4c4972b' class='greyd-background bg_full'>\n\t\t\t\t\t\t\t\t<div class='bg_image'  data-srcset='{\"150\":\"https:\\\/\\\/www.isabellakeilani.com\\\/wordpress\\\/wp-content\\\/uploads\\\/2023\\\/09\\\/sparkside_isabella_keilani_1-e1694436506375-150x150.jpg\",\"300\":\"https:\\\/\\\/www.isabellakeilani.com\\\/wordpress\\\/wp-content\\\/uploads\\\/2023\\\/09\\\/sparkside_isabella_keilani_1-e1694436506375-300x155.jpg\",\"768\":\"https:\\\/\\\/www.isabellakeilani.com\\\/wordpress\\\/wp-content\\\/uploads\\\/2023\\\/09\\\/sparkside_isabella_keilani_1-e1694436506375-768x396.jpg\",\"1024\":\"https:\\\/\\\/www.isabellakeilani.com\\\/wordpress\\\/wp-content\\\/uploads\\\/2023\\\/09\\\/sparkside_isabella_keilani_1-e1694436506375-1024x528.jpg\",\"1536\":\"https:\\\/\\\/www.isabellakeilani.com\\\/wordpress\\\/wp-content\\\/uploads\\\/2023\\\/09\\\/sparkside_isabella_keilani_1-e1694436506375-1536x791.jpg\",\"full\":\"https:\\\/\\\/www.isabellakeilani.com\\\/wordpress\\\/wp-content\\\/uploads\\\/2023\\\/09\\\/sparkside_isabella_keilani_1-e1694436506375.jpg\"}'><\/div>\n\t\t\t\t\t\t\t\t<div class='bg_overlay_gradient'><\/div>\n\t\t\t\t\t\t\t\t\n\t\t\t\t\t\t\t\t\n\t\t\t\t\t\t\t<\/div>\n<div class=\"wp-block-columns row_xxl is-layout-flex wp-container-core-columns-is-layout-1 wp-block-columns-is-layout-flex\">\n<div class=\"wp-block-column col-12 col-sm-auto is-layout-flow wp-block-column-is-layout-flow\">\n<h1 class=\"has-color-62-color has-text-color wp-block-heading\" id=\"h-sparking-new-thinking-facilitating-growth-building-great-relationships\" style=\"text-transform:none\">Sparking new thinking.<br\/><strong>Facilitating growth.<br\/>\u00adBuilding great relationships.<\/strong><\/h1>\n<\/div>\n<\/div>\n<\/div><div  class=\"gs_5jD6QH row_wrap has-background\"><div id='bg_6a03fa4c4b149' class='greyd-background bg_full'>\n\t\t\t\t\t\t\t\t<div class='bg_color'><\/div>\n\t\t\t\t\t\t\t\t\n\t\t\t\t\t\t\t\t\n\t\t\t\t\t\t\t\t\n\t\t\t\t\t\t\t<\/div>\n<div class=\"wp-block-columns row_xxl has-color-11-background-color has-background is-layout-flex wp-container-core-columns-is-layout-2 wp-block-columns-is-layout-flex\">\n<div class=\"wp-block-column col-12 col-sm-auto is-layout-flow wp-block-column-is-layout-flow\" style=\"padding-right:0;padding-bottom:0;padding-left:0\">\n<h2 class=\"has-text-align-center has-color-62-color has-text-color wp-block-heading\" id=\"h-kommunikation-in-der-fuhrung-coaching-amp-training\" style=\"font-size:2.33em;text-transform:uppercase\">LEADERSHIP COMMUNICATION \u00b7 COACHING &amp; TRAINING<\/h2>\n<\/div>\n<\/div>\n<\/div><div  class=\"gs_SGaGOJ row_wrap\">\n<div class=\"wp-block-columns row_xxl is-layout-flex wp-container-core-columns-is-layout-3 wp-block-columns-is-layout-flex\">\n<div class=\"wp-block-column col-12 col-sm-12 col-md-6 col-lg-6 is-layout-flow wp-block-column-is-layout-flow\" style=\"padding-top:0px;padding-right:50px;padding-bottom:0px;padding-left:50px\">\n<h2 class=\"wp-block-heading\" id=\"h-fit-fur-die-zukunft\">Fit for the Future<\/h2>\n\n\n\n<p>Successful communication is the foundation of any business. The way people communicate affects how well they work together. Aufgaben werden entweder gar nicht oder doppelt erledigt. Es wird Dienst nach Vorschrift gemacht und die Positionen verh\u00e4rten sich zunehmend. Der Output wird dauerhaft geschm\u00e4lert.<\/p>\n\n\n\n<p class=\"gs_HYBr8z\">This is especially true during times of change, such as the formation of new teams, entry into new markets or going global. The way in which you communicate as a leader in this situation is crucial.<br\/><br\/>Working in international teams presents additional challenges for team members and leaders alike. Cultural factors can add to linguistic challenges. Effective collaboration with team members in different locations requires leadership and communication at the highest level, particularly in remote and hybrid settings. Targeted coaching can help you succeed.   <\/p>\n<\/div>\n\n\n\n<div class=\"wp-block-column hidden-xs col-12 col-sm-12 col-md-6 col-lg-6 is-layout-flow wp-block-column-is-layout-flow\" style=\"padding-right:50px\"><figure style=\"\" class=\"wp-block-image greyd-image   gs_Xy1dd5\"><img loading=\"lazy\" decoding=\"async\" width=\"470\" height=\"520\" src=\"https:\/\/www.isabellakeilani.com\/wordpress\/wp-content\/uploads\/2023\/09\/thisisengineering-raeng-TXxiFuQLBKQ-unsplash_web-e1694615228465.jpg\" class=\"wp-image-558\" alt=\"Training und Coaching f\u00fcr F\u00fchrungskr\u00e4fte\" srcset=\"https:\/\/www.isabellakeilani.com\/wordpress\/wp-content\/uploads\/2023\/09\/thisisengineering-raeng-TXxiFuQLBKQ-unsplash_web-e1694615228465.jpg 470w, https:\/\/www.isabellakeilani.com\/wordpress\/wp-content\/uploads\/2023\/09\/thisisengineering-raeng-TXxiFuQLBKQ-unsplash_web-e1694615228465-271x300.jpg 271w\" sizes=\"(max-width: 470px) 100vw, 470px\" \/><\/figure><\/div>\n<\/div>\n<\/div><div  class=\"gs_qnRhNI row_wrap\">\n<div class=\"wp-block-columns are-vertically-aligned-bottom row_xxl is-layout-flex wp-container-core-columns-is-layout-4 wp-block-columns-is-layout-flex\">\n<div class=\"wp-block-column is-vertically-aligned-bottom col-12 col-sm-12 col-md-6 col-lg-6 is-layout-flow wp-block-column-is-layout-flow\" style=\"padding-right:50px\"><figure style=\"\" class=\"wp-block-image greyd-image   gs_sQ43Ga\"><img loading=\"lazy\" decoding=\"async\" style=\"object-position: 49% 40%; \" width=\"470\" height=\"550\" src=\"https:\/\/www.isabellakeilani.com\/wordpress\/wp-content\/uploads\/2023\/09\/shutterstock_277863239_web-e1694615165276.jpg\" class=\"wp-image-555\" alt=\"F\u00fchrungskraft im Coaching\" srcset=\"https:\/\/www.isabellakeilani.com\/wordpress\/wp-content\/uploads\/2023\/09\/shutterstock_277863239_web-e1694615165276.jpg 470w, https:\/\/www.isabellakeilani.com\/wordpress\/wp-content\/uploads\/2023\/09\/shutterstock_277863239_web-e1694615165276-256x300.jpg 256w\" sizes=\"(max-width: 470px) 100vw, 470px\" \/><\/figure><\/div>\n\n\n\n<div class=\"wp-block-column is-vertically-aligned-bottom col-12 col-sm-12 col-md-6 col-lg-6 offset-sm-0 has-color-62-color has-color-11-background-color has-text-color has-background is-layout-flow wp-block-column-is-layout-flow\" style=\"padding-top:100px;padding-right:50px;padding-bottom:100px;padding-left:50px\">\n<h2 class=\"wp-block-heading\" id=\"h-zukunft-der-fuhrung\">THE FUTURE OF LEADERSHIP<\/h2>\n\n\n\n<p>As new forms of work, such as hybrid models or flatter hierarchies, become more common, leaders often feel overwhelmed. How can leadership work in the future and best serve the organization? How can traditional and new ways of working be combined most effectively?<\/p>\n\n\n\n<p>It is not enough to read a few books and adopt methods that work well for others. It is up to every company and leader to find their own way of making the most effective use of new technologies.<\/p>\n<\/div>\n<\/div>\n<\/div><div  class=\"gs_ptU72C row_wrap\">\n<div class=\"wp-block-columns row_xxl is-layout-flex wp-container-core-columns-is-layout-5 wp-block-columns-is-layout-flex\">\n<div class=\"wp-block-column col-12 col-sm-12 col-md-6 col-lg-6 is-layout-flow wp-block-column-is-layout-flow\" style=\"padding-top:0px;padding-right:50px;padding-bottom:0px;padding-left:50px\">\n<h2 class=\"wp-block-heading\" id=\"h-fur-eine-offene-kultur\">A better corporate culture<\/h2>\n\n\n\n<p>Our solutions can help you and your team build resilience and strengthen your competitive edge. You will develop the essential communication skills required for resolving internal and external breakdowns in communication. Overcoming these obstacles will lay the foundations for greater employee engagement and business success.<\/p>\n\n\n\n<p class=\"gs_OfAQKU\">All workshops and training programs are available in both English and German.<br\/><\/p>\n<\/div>\n\n\n\n<div class=\"wp-block-column col-12 col-sm-12 col-md-6 col-lg-6 is-layout-flow wp-block-column-is-layout-flow\" style=\"padding-right:50px\"><figure style=\"\" class=\"wp-block-image greyd-image   gs_vrW4GG\"><img loading=\"lazy\" decoding=\"async\" width=\"470\" height=\"520\" src=\"https:\/\/www.isabellakeilani.com\/wordpress\/wp-content\/uploads\/2023\/09\/shutterstock_1407116471_web2.jpg\" class=\"wp-image-559\" alt=\"Coaching f\u00fcr F\u00fchrungskr\u00e4fte\" srcset=\"https:\/\/www.isabellakeilani.com\/wordpress\/wp-content\/uploads\/2023\/09\/shutterstock_1407116471_web2.jpg 470w, https:\/\/www.isabellakeilani.com\/wordpress\/wp-content\/uploads\/2023\/09\/shutterstock_1407116471_web2-271x300.jpg 271w\" sizes=\"(max-width: 470px) 100vw, 470px\" \/><\/figure><\/div>\n<\/div>\n<\/div><div  class=\"gs_NyecZC row_wrap has-background\"><div id='bg_6a03fa4c59cd9' class='greyd-background bg_full'>\n\t\t\t\t\t\t\t\t<div class='bg_color'><\/div>\n\t\t\t\t\t\t\t\t\n\t\t\t\t\t\t\t\t\n\t\t\t\t\t\t\t\t\n\t\t\t\t\t\t\t<\/div>\n<div class=\"wp-block-columns are-vertically-aligned-center row_xxl has-color-52-background-color has-background is-layout-flex wp-container-core-columns-is-layout-6 wp-block-columns-is-layout-flex\">\n<div class=\"wp-block-column is-vertically-aligned-center col-6 col-sm-auto col-md-auto col-lg-auto is-layout-flow wp-block-column-is-layout-flow\" style=\"padding-top:var(--wp--preset--spacing--40);padding-bottom:var(--wp--preset--spacing--40)\">\n<div class=\"wp-block-group is-vertical is-content-justification-center is-layout-flex wp-container-core-group-is-layout-1 wp-block-group-is-layout-flex has-trigger group_wrap\"><a class=\"hidden-trigger-link\"  href=\"https:\/\/www.isabellakeilani.com\/en\/services\/#lunchlearn\" title=\"Solutions\"><\/a><figure style=\"\" class=\"wp-block-image greyd-image   gs_vAkrLw\"><img loading=\"lazy\" decoding=\"async\" width=\"500\" height=\"524\" src=\"https:\/\/www.isabellakeilani.com\/wordpress\/wp-content\/uploads\/2023\/09\/icon-4.png\" class=\"wp-image-519\" alt=\"icon-4\" srcset=\"https:\/\/www.isabellakeilani.com\/wordpress\/wp-content\/uploads\/2023\/09\/icon-4.png 500w, https:\/\/www.isabellakeilani.com\/wordpress\/wp-content\/uploads\/2023\/09\/icon-4-286x300.png 286w\" sizes=\"(max-width: 500px) 100vw, 500px\" \/><\/figure>\n\n\n<h4 class=\"has-text-align-center has-color-12-color has-text-color wp-block-heading gs_Nlzele\" id=\"h-lunch-amp-learn\"><strong>Lunch &amp; Learn<\/strong><\/h4>\n<\/div>\n<\/div>\n\n\n\n<div class=\"wp-block-column is-vertically-aligned-center col-6 col-sm-auto col-md-auto col-lg-auto is-layout-flow wp-block-column-is-layout-flow\" style=\"padding-top:var(--wp--preset--spacing--40);padding-bottom:var(--wp--preset--spacing--40)\">\n<div class=\"wp-block-group is-vertical is-content-justification-center is-layout-flex wp-container-core-group-is-layout-2 wp-block-group-is-layout-flex has-trigger group_wrap\"><a class=\"hidden-trigger-link\"  href=\"https:\/\/www.isabellakeilani.com\/en\/services\/#konfliktealschance\" title=\"Solutions\"><\/a><figure style=\"\" class=\"wp-block-image greyd-image   gs_m4Quof\"><img loading=\"lazy\" decoding=\"async\" width=\"500\" height=\"524\" src=\"https:\/\/www.isabellakeilani.com\/wordpress\/wp-content\/uploads\/2023\/09\/icon-1.png\" class=\"wp-image-516\" alt=\"icon-1\" srcset=\"https:\/\/www.isabellakeilani.com\/wordpress\/wp-content\/uploads\/2023\/09\/icon-1.png 500w, https:\/\/www.isabellakeilani.com\/wordpress\/wp-content\/uploads\/2023\/09\/icon-1-286x300.png 286w\" sizes=\"(max-width: 500px) 100vw, 500px\" \/><\/figure>\n\n\n<h4 class=\"has-text-align-center has-color-12-color has-text-color wp-block-heading gs_CCdhDn\" id=\"h-growing-stronger\"><strong>Growing stronger<\/strong><\/h4>\n<\/div>\n<\/div>\n\n\n\n<div class=\"wp-block-column is-vertically-aligned-center col-6 col-sm-auto col-md-auto col-lg-auto is-layout-flow wp-block-column-is-layout-flow\" style=\"padding-top:var(--wp--preset--spacing--40);padding-bottom:var(--wp--preset--spacing--40)\">\n<div class=\"wp-block-group is-vertical is-content-justification-center is-layout-flex wp-container-core-group-is-layout-3 wp-block-group-is-layout-flex has-trigger group_wrap\"><a class=\"hidden-trigger-link\"  href=\"https:\/\/www.isabellakeilani.com\/en\/services\/#newwork\" title=\"Solutions\"><\/a><figure style=\"\" class=\"wp-block-image greyd-image   gs_1ydMld\"><img loading=\"lazy\" decoding=\"async\" width=\"500\" height=\"524\" src=\"https:\/\/www.isabellakeilani.com\/wordpress\/wp-content\/uploads\/2023\/09\/icon-2.png\" class=\"wp-image-517\" alt=\"icon-2\" srcset=\"https:\/\/www.isabellakeilani.com\/wordpress\/wp-content\/uploads\/2023\/09\/icon-2.png 500w, https:\/\/www.isabellakeilani.com\/wordpress\/wp-content\/uploads\/2023\/09\/icon-2-286x300.png 286w\" sizes=\"(max-width: 500px) 100vw, 500px\" \/><\/figure>\n\n\n<h4 class=\"has-text-align-center has-color-12-color has-text-color wp-block-heading gs_udi8HQ\" id=\"h-new-work\"><strong>New Work<\/strong><\/h4>\n<\/div>\n<\/div>\n\n\n\n<div class=\"wp-block-column is-vertically-aligned-center col-6 col-sm-auto col-md-auto col-lg-auto is-layout-flow wp-block-column-is-layout-flow\" style=\"padding-top:var(--wp--preset--spacing--40);padding-bottom:var(--wp--preset--spacing--40)\">\n<div class=\"wp-block-group is-vertical is-content-justification-center is-layout-flex wp-container-core-group-is-layout-4 wp-block-group-is-layout-flex has-trigger group_wrap\"><a class=\"hidden-trigger-link\"  href=\"https:\/\/www.isabellakeilani.com\/en\/services\/#elevatebusiness\" title=\"Solutions\"><\/a><figure style=\"\" class=\"wp-block-image greyd-image   gs_CxopzG\"><img loading=\"lazy\" decoding=\"async\" width=\"500\" height=\"524\" src=\"https:\/\/www.isabellakeilani.com\/wordpress\/wp-content\/uploads\/2023\/09\/icon-3.png\" class=\"wp-image-518\" alt=\"icon-3\" srcset=\"https:\/\/www.isabellakeilani.com\/wordpress\/wp-content\/uploads\/2023\/09\/icon-3.png 500w, https:\/\/www.isabellakeilani.com\/wordpress\/wp-content\/uploads\/2023\/09\/icon-3-286x300.png 286w\" sizes=\"(max-width: 500px) 100vw, 500px\" \/><\/figure>\n\n\n<h4 class=\"has-text-align-center has-color-12-color has-text-color wp-block-heading gs_y4Ezdh\" id=\"h-elevate-business\"><strong>Elevate Business<\/strong><\/h4>\n<\/div>\n<\/div>\n<\/div>\n<\/div>\n<p><\/p>\n","protected":false},"excerpt":{"rendered":"<p>Sparking new thinking.Facilitating growth.\u00adBuilding great relationships. LEADERSHIP COMMUNICATION \u00b7 COACHING &amp; TRAINING Fit for the Future Successful communication is the foundation of any business. The way people communicate affects how well they work together. Aufgaben werden entweder gar nicht oder doppelt erledigt. Es wird Dienst nach Vorschrift gemacht und die Positionen verh\u00e4rten sich zunehmend. Der [&hellip;]<\/p>\n","protected":false},"author":1,"featured_media":0,"parent":0,"menu_order":0,"comment_status":"closed","ping_status":"closed","template":"","meta":{"greyd_block_editor_preview":[],"footnotes":""},"yoast_head":"<!-- This site is optimized with the Yoast SEO Premium plugin v24.4 (Yoast SEO v24.4) - https:\/\/yoast.com\/wordpress\/plugins\/seo\/ -->\n<title>Executive Coaching | SPARKSIDE Isabella Keilani<\/title>\n<meta name=\"description\" content=\"How can I communicate effectively as a manager? Our communication skills training and coaching can help you build successful teams and cultivate a robust corporate culture.\" \/>\n<meta name=\"robots\" content=\"index, follow, max-snippet:-1, max-image-preview:large, max-video-preview:-1\" \/>\n<link rel=\"canonical\" href=\"https:\/\/www.isabellakeilani.com\/en\/\" \/>\n<meta property=\"og:locale\" content=\"en_US\" \/>\n<meta property=\"og:type\" content=\"article\" \/>\n<meta property=\"og:title\" content=\"SPARKSIDE Isabella Keilani | Executive Coaching\" \/>\n<meta property=\"og:description\" content=\"How can I communicate more effectively as a leader? Successful communication is the foundation of any business. \u2714 Promoting an open communication culture \u2714 Strengthening teams in the long term \u2714 Using conflicts as opportunities\" \/>\n<meta property=\"og:url\" content=\"https:\/\/www.isabellakeilani.com\/en\/\" \/>\n<meta property=\"og:site_name\" content=\"Sparkside\" \/>\n<meta property=\"article:publisher\" content=\"https:\/\/www.facebook.com\/sparkside.training\" \/>\n<meta property=\"article:modified_time\" content=\"2025-10-31T20:13:18+00:00\" \/>\n<meta property=\"og:image\" content=\"https:\/\/www.isabellakeilani.com\/wordpress\/wp-content\/uploads\/2023\/09\/sparkside_isabella_keilani_4a-300x300.jpg\" \/>\n<script type=\"application\/ld+json\" class=\"yoast-schema-graph\">{\"@context\":\"https:\/\/schema.org\",\"@graph\":[{\"@type\":\"WebPage\",\"@id\":\"https:\/\/www.isabellakeilani.com\/en\/\",\"url\":\"https:\/\/www.isabellakeilani.com\/en\/\",\"name\":\"Executive Coaching | SPARKSIDE Isabella Keilani\",\"isPartOf\":{\"@id\":\"https:\/\/www.isabellakeilani.com\/en\/#website\"},\"datePublished\":\"2023-09-11T06:22:17+00:00\",\"dateModified\":\"2025-10-31T20:13:18+00:00\",\"description\":\"How can I communicate effectively as a manager? Our communication skills training and coaching can help you build successful teams and cultivate a robust corporate culture.\",\"breadcrumb\":{\"@id\":\"https:\/\/www.isabellakeilani.com\/en\/#breadcrumb\"},\"inLanguage\":\"en-US\",\"potentialAction\":[{\"@type\":\"ReadAction\",\"target\":[\"https:\/\/www.isabellakeilani.com\/en\/\"]}]},{\"@type\":\"BreadcrumbList\",\"@id\":\"https:\/\/www.isabellakeilani.com\/en\/#breadcrumb\",\"itemListElement\":[{\"@type\":\"ListItem\",\"position\":1,\"name\":\"Startseite\",\"item\":\"https:\/\/www.isabellakeilani.com\/en\/\"},{\"@type\":\"ListItem\",\"position\":2,\"name\":\"Home\"}]},{\"@type\":\"WebSite\",\"@id\":\"https:\/\/www.isabellakeilani.com\/en\/#website\",\"url\":\"https:\/\/www.isabellakeilani.com\/en\/\",\"name\":\"sparkside training & coaching\",\"description\":\"F\u00fchrungskr\u00e4ftetraining, Teamentwicklung, Kommunikation &amp; Coaching\",\"publisher\":{\"@id\":\"https:\/\/www.isabellakeilani.com\/en\/#organization\"},\"alternateName\":\"Isabella Keilani\",\"potentialAction\":[{\"@type\":\"SearchAction\",\"target\":{\"@type\":\"EntryPoint\",\"urlTemplate\":\"https:\/\/www.isabellakeilani.com\/en\/?s={search_term_string}\"},\"query-input\":{\"@type\":\"PropertyValueSpecification\",\"valueRequired\":true,\"valueName\":\"search_term_string\"}}],\"inLanguage\":\"en-US\"},{\"@type\":\"Organization\",\"@id\":\"https:\/\/www.isabellakeilani.com\/en\/#organization\",\"name\":\"Sparkside\",\"url\":\"https:\/\/www.isabellakeilani.com\/en\/\",\"logo\":{\"@type\":\"ImageObject\",\"inLanguage\":\"en-US\",\"@id\":\"https:\/\/www.isabellakeilani.com\/en\/#\/schema\/logo\/image\/\",\"url\":\"https:\/\/www.isabellakeilani.com\/wordpress\/wp-content\/uploads\/2023\/09\/Logo_Sparkside_2.png\",\"contentUrl\":\"https:\/\/www.isabellakeilani.com\/wordpress\/wp-content\/uploads\/2023\/09\/Logo_Sparkside_2.png\",\"width\":606,\"height\":182,\"caption\":\"Sparkside\"},\"image\":{\"@id\":\"https:\/\/www.isabellakeilani.com\/en\/#\/schema\/logo\/image\/\"},\"sameAs\":[\"https:\/\/www.facebook.com\/sparkside.training\",\"https:\/\/www.linkedin.com\/in\/isabellakeilani\/\",\"https:\/\/www.instagram.com\/isabella.keilani\/\"]}]}<\/script>\n<!-- \/ Yoast SEO Premium plugin. -->","yoast_head_json":{"title":"Executive Coaching | SPARKSIDE Isabella Keilani","description":"How can I communicate effectively as a manager? Our communication skills training and coaching can help you build successful teams and cultivate a robust corporate culture.","robots":{"index":"index","follow":"follow","max-snippet":"max-snippet:-1","max-image-preview":"max-image-preview:large","max-video-preview":"max-video-preview:-1"},"canonical":"https:\/\/www.isabellakeilani.com\/en\/","og_locale":"en_US","og_type":"article","og_title":"SPARKSIDE Isabella Keilani | Executive Coaching","og_description":"How can I communicate more effectively as a leader? Successful communication is the foundation of any business. \u2714 Promoting an open communication culture \u2714 Strengthening teams in the long term \u2714 Using conflicts as opportunities","og_url":"https:\/\/www.isabellakeilani.com\/en\/","og_site_name":"Sparkside","article_publisher":"https:\/\/www.facebook.com\/sparkside.training","article_modified_time":"2025-10-31T20:13:18+00:00","og_image":[{"url":"https:\/\/www.isabellakeilani.com\/wordpress\/wp-content\/uploads\/2023\/09\/sparkside_isabella_keilani_4a-300x300.jpg","type":"","width":"","height":""}],"schema":{"@context":"https:\/\/schema.org","@graph":[{"@type":"WebPage","@id":"https:\/\/www.isabellakeilani.com\/en\/","url":"https:\/\/www.isabellakeilani.com\/en\/","name":"Executive Coaching | SPARKSIDE Isabella Keilani","isPartOf":{"@id":"https:\/\/www.isabellakeilani.com\/en\/#website"},"datePublished":"2023-09-11T06:22:17+00:00","dateModified":"2025-10-31T20:13:18+00:00","description":"How can I communicate effectively as a manager? Our communication skills training and coaching can help you build successful teams and cultivate a robust corporate culture.","breadcrumb":{"@id":"https:\/\/www.isabellakeilani.com\/en\/#breadcrumb"},"inLanguage":"en-US","potentialAction":[{"@type":"ReadAction","target":["https:\/\/www.isabellakeilani.com\/en\/"]}]},{"@type":"BreadcrumbList","@id":"https:\/\/www.isabellakeilani.com\/en\/#breadcrumb","itemListElement":[{"@type":"ListItem","position":1,"name":"Startseite","item":"https:\/\/www.isabellakeilani.com\/en\/"},{"@type":"ListItem","position":2,"name":"Home"}]},{"@type":"WebSite","@id":"https:\/\/www.isabellakeilani.com\/en\/#website","url":"https:\/\/www.isabellakeilani.com\/en\/","name":"sparkside training & coaching","description":"F\u00fchrungskr\u00e4ftetraining, Teamentwicklung, Kommunikation &amp; Coaching","publisher":{"@id":"https:\/\/www.isabellakeilani.com\/en\/#organization"},"alternateName":"Isabella Keilani","potentialAction":[{"@type":"SearchAction","target":{"@type":"EntryPoint","urlTemplate":"https:\/\/www.isabellakeilani.com\/en\/?s={search_term_string}"},"query-input":{"@type":"PropertyValueSpecification","valueRequired":true,"valueName":"search_term_string"}}],"inLanguage":"en-US"},{"@type":"Organization","@id":"https:\/\/www.isabellakeilani.com\/en\/#organization","name":"Sparkside","url":"https:\/\/www.isabellakeilani.com\/en\/","logo":{"@type":"ImageObject","inLanguage":"en-US","@id":"https:\/\/www.isabellakeilani.com\/en\/#\/schema\/logo\/image\/","url":"https:\/\/www.isabellakeilani.com\/wordpress\/wp-content\/uploads\/2023\/09\/Logo_Sparkside_2.png","contentUrl":"https:\/\/www.isabellakeilani.com\/wordpress\/wp-content\/uploads\/2023\/09\/Logo_Sparkside_2.png","width":606,"height":182,"caption":"Sparkside"},"image":{"@id":"https:\/\/www.isabellakeilani.com\/en\/#\/schema\/logo\/image\/"},"sameAs":["https:\/\/www.facebook.com\/sparkside.training","https:\/\/www.linkedin.com\/in\/isabellakeilani\/","https:\/\/www.instagram.com\/isabella.keilani\/"]}]}},"_links":{"self":[{"href":"https:\/\/www.isabellakeilani.com\/en\/wp-json\/wp\/v2\/pages\/621"}],"collection":[{"href":"https:\/\/www.isabellakeilani.com\/en\/wp-json\/wp\/v2\/pages"}],"about":[{"href":"https:\/\/www.isabellakeilani.com\/en\/wp-json\/wp\/v2\/types\/page"}],"author":[{"embeddable":true,"href":"https:\/\/www.isabellakeilani.com\/en\/wp-json\/wp\/v2\/users\/1"}],"replies":[{"embeddable":true,"href":"https:\/\/www.isabellakeilani.com\/en\/wp-json\/wp\/v2\/comments?post=621"}],"version-history":[{"count":13,"href":"https:\/\/www.isabellakeilani.com\/en\/wp-json\/wp\/v2\/pages\/621\/revisions"}],"predecessor-version":[{"id":1008,"href":"https:\/\/www.isabellakeilani.com\/en\/wp-json\/wp\/v2\/pages\/621\/revisions\/1008"}],"wp:attachment":[{"href":"https:\/\/www.isabellakeilani.com\/en\/wp-json\/wp\/v2\/media?parent=621"}],"curies":[{"name":"wp","href":"https:\/\/api.w.org\/{rel}","templated":true}]}}