{"id":642,"date":"2023-09-12T14:10:45","date_gmt":"2023-09-12T12:10:45","guid":{"rendered":"https:\/\/www.isabellakeilani.com\/wordpress\/impressum\/"},"modified":"2023-09-19T08:31:27","modified_gmt":"2023-09-19T06:31:27","slug":"impressum","status":"publish","type":"page","link":"https:\/\/www.isabellakeilani.com\/en\/impressum\/","title":{"rendered":"Impressum"},"content":{"rendered":"<div  class=\"gs_XcBG7K row_wrap\">\n<div class=\"wp-block-columns row_xxl is-layout-flex wp-container-core-columns-is-layout-1 wp-block-columns-is-layout-flex\">\n<div class=\"wp-block-column col-12 col-sm-auto is-layout-flow wp-block-column-is-layout-flow\">\n<h1 class=\"wp-block-heading\">Impressum<\/h1>\n\n\n\n<p><strong>Sparkside e.U.<br\/>Mag.a Isabella Keilani<\/strong><\/p>\n\n\n\n<p><strong>Unternehmensgegenstand:<\/strong> Kommunikationstraining, Coaching und interkulturelle Kompetenz<\/p>\n\n\n\n<p><strong>Adresse:<\/strong> Zanklstra\u00dfe 51, 8051 Graz<br\/><strong>Telefon:<\/strong> <a href=\"tel:004366499365854\">+43 664 99 365 854<br\/><\/a><strong>E-Mail:<\/strong> <a href=\"mailto:office@isabellakeilani.com\">office@isabellakeilani.com<\/a><\/p>\n\n\n\n<p><strong>Firmenbuchnummer:<\/strong> FN 529425t<br\/><strong>UST.-ID:<\/strong> ATU 65546634<br\/><strong>Firmenbuchgericht:<\/strong> Landesgericht f\u00fcr ZRS Graz<\/p>\n\n\n\n<p><strong>Mitglied <\/strong>der WK Steiermark, FG Gewerbliche Dienstleister<strong><br\/>Aufsichtsbeh\u00f6rde:<\/strong> Magistrat der Stadt Graz<br\/><strong>Berufsrecht: Gewerbeordnung:<\/strong> <a href=\"http:\/\/www.ris.bka.gv.at\/\">www.ris.bka.gv.at<\/a><\/p>\n\n\n\n<p>Verbraucher haben die M\u00f6glichkeit, Beschwerden an die Online-Streitbeilegungsplattform der EU zu richten: <a href=\"http:\/\/ec.europa.eu\/odr\">ec.europa.eu\/odr<\/a>. <br\/>Sie k\u00f6nnen allf\u00e4llige Beschwerden auch an die oben angegebene E-Mail-Adresse richten.<\/p>\n<\/div>\n<\/div>\n<\/div>","protected":false},"excerpt":{"rendered":"<p>Impressum Sparkside e.U.Mag.a Isabella Keilani Unternehmensgegenstand: Kommunikationstraining, Coaching und interkulturelle Kompetenz Adresse: Zanklstra\u00dfe 51, 8051 GrazTelefon: +43 664 99 365 854E-Mail: office@isabellakeilani.com Firmenbuchnummer: FN 529425tUST.-ID: ATU 65546634Firmenbuchgericht: Landesgericht f\u00fcr ZRS Graz Mitglied der WK Steiermark, FG Gewerbliche DienstleisterAufsichtsbeh\u00f6rde: Magistrat der Stadt GrazBerufsrecht: Gewerbeordnung: www.ris.bka.gv.at Verbraucher haben die M\u00f6glichkeit, Beschwerden an die Online-Streitbeilegungsplattform der EU zu [&hellip;]<\/p>\n","protected":false},"author":1,"featured_media":0,"parent":0,"menu_order":0,"comment_status":"closed","ping_status":"closed","template":"","meta":{"greyd_block_editor_preview":[],"footnotes":""},"yoast_head":"<!-- This site is optimized with the Yoast SEO Premium plugin v24.4 (Yoast SEO v24.4) - https:\/\/yoast.com\/wordpress\/plugins\/seo\/ -->\n<title>Impressum | Sparkside<\/title>\n<meta name=\"robots\" content=\"index, follow, max-snippet:-1, max-image-preview:large, max-video-preview:-1\" \/>\n<link rel=\"canonical\" href=\"https:\/\/www.isabellakeilani.com\/en\/impressum\/\" \/>\n<meta property=\"og:locale\" content=\"en_US\" \/>\n<meta property=\"og:type\" content=\"article\" \/>\n<meta property=\"og:title\" content=\"Impressum\" \/>\n<meta property=\"og:description\" content=\"Impressum Sparkside e.U.Mag.a Isabella Keilani Unternehmensgegenstand: Kommunikationstraining, Coaching und interkulturelle Kompetenz Adresse: Zanklstra\u00dfe 51, 8051 GrazTelefon: +43 664 99 365 854E-Mail: office@isabellakeilani.com Firmenbuchnummer: FN 529425tUST.-ID: ATU 65546634Firmenbuchgericht: Landesgericht f\u00fcr ZRS Graz Mitglied der WK Steiermark, FG Gewerbliche DienstleisterAufsichtsbeh\u00f6rde: Magistrat der Stadt GrazBerufsrecht: Gewerbeordnung: www.ris.bka.gv.at Verbraucher haben die M\u00f6glichkeit, Beschwerden an die Online-Streitbeilegungsplattform der EU zu [&hellip;]\" \/>\n<meta property=\"og:url\" content=\"https:\/\/www.isabellakeilani.com\/en\/impressum\/\" \/>\n<meta property=\"og:site_name\" content=\"Sparkside\" \/>\n<meta property=\"article:publisher\" content=\"https:\/\/www.facebook.com\/sparkside.training\" \/>\n<meta property=\"article:modified_time\" content=\"2023-09-19T06:31:27+00:00\" \/>\n<meta property=\"og:image\" content=\"https:\/\/www.isabellakeilani.com\/wordpress\/wp-content\/uploads\/2023\/09\/SEO_Bild_Website.jpg\" \/>\n\t<meta property=\"og:image:width\" content=\"1200\" \/>\n\t<meta property=\"og:image:height\" content=\"675\" \/>\n\t<meta property=\"og:image:type\" content=\"image\/jpeg\" \/>\n<script type=\"application\/ld+json\" class=\"yoast-schema-graph\">{\"@context\":\"https:\/\/schema.org\",\"@graph\":[{\"@type\":\"WebPage\",\"@id\":\"https:\/\/www.isabellakeilani.com\/en\/impressum\/\",\"url\":\"https:\/\/www.isabellakeilani.com\/en\/impressum\/\",\"name\":\"Impressum | Sparkside\",\"isPartOf\":{\"@id\":\"https:\/\/www.isabellakeilani.com\/en\/#website\"},\"datePublished\":\"2023-09-12T12:10:45+00:00\",\"dateModified\":\"2023-09-19T06:31:27+00:00\",\"breadcrumb\":{\"@id\":\"https:\/\/www.isabellakeilani.com\/en\/impressum\/#breadcrumb\"},\"inLanguage\":\"en-US\",\"potentialAction\":[{\"@type\":\"ReadAction\",\"target\":[\"https:\/\/www.isabellakeilani.com\/en\/impressum\/\"]}]},{\"@type\":\"BreadcrumbList\",\"@id\":\"https:\/\/www.isabellakeilani.com\/en\/impressum\/#breadcrumb\",\"itemListElement\":[{\"@type\":\"ListItem\",\"position\":1,\"name\":\"Startseite\",\"item\":\"https:\/\/www.isabellakeilani.com\/en\/\"},{\"@type\":\"ListItem\",\"position\":2,\"name\":\"Impressum\"}]},{\"@type\":\"WebSite\",\"@id\":\"https:\/\/www.isabellakeilani.com\/en\/#website\",\"url\":\"https:\/\/www.isabellakeilani.com\/en\/\",\"name\":\"sparkside training & coaching\",\"description\":\"F\u00fchrungskr\u00e4ftetraining, Teamentwicklung, Kommunikation &amp; Coaching\",\"publisher\":{\"@id\":\"https:\/\/www.isabellakeilani.com\/en\/#organization\"},\"alternateName\":\"Isabella Keilani\",\"potentialAction\":[{\"@type\":\"SearchAction\",\"target\":{\"@type\":\"EntryPoint\",\"urlTemplate\":\"https:\/\/www.isabellakeilani.com\/en\/?s={search_term_string}\"},\"query-input\":{\"@type\":\"PropertyValueSpecification\",\"valueRequired\":true,\"valueName\":\"search_term_string\"}}],\"inLanguage\":\"en-US\"},{\"@type\":\"Organization\",\"@id\":\"https:\/\/www.isabellakeilani.com\/en\/#organization\",\"name\":\"Sparkside\",\"url\":\"https:\/\/www.isabellakeilani.com\/en\/\",\"logo\":{\"@type\":\"ImageObject\",\"inLanguage\":\"en-US\",\"@id\":\"https:\/\/www.isabellakeilani.com\/en\/#\/schema\/logo\/image\/\",\"url\":\"https:\/\/www.isabellakeilani.com\/wordpress\/wp-content\/uploads\/2023\/09\/Logo_Sparkside_2.png\",\"contentUrl\":\"https:\/\/www.isabellakeilani.com\/wordpress\/wp-content\/uploads\/2023\/09\/Logo_Sparkside_2.png\",\"width\":606,\"height\":182,\"caption\":\"Sparkside\"},\"image\":{\"@id\":\"https:\/\/www.isabellakeilani.com\/en\/#\/schema\/logo\/image\/\"},\"sameAs\":[\"https:\/\/www.facebook.com\/sparkside.training\",\"https:\/\/www.linkedin.com\/in\/isabellakeilani\/\",\"https:\/\/www.instagram.com\/isabella.keilani\/\"]}]}<\/script>\n<!-- \/ Yoast SEO Premium plugin. -->","yoast_head_json":{"title":"Impressum | Sparkside","robots":{"index":"index","follow":"follow","max-snippet":"max-snippet:-1","max-image-preview":"max-image-preview:large","max-video-preview":"max-video-preview:-1"},"canonical":"https:\/\/www.isabellakeilani.com\/en\/impressum\/","og_locale":"en_US","og_type":"article","og_title":"Impressum","og_description":"Impressum Sparkside e.U.Mag.a Isabella Keilani Unternehmensgegenstand: Kommunikationstraining, Coaching und interkulturelle Kompetenz Adresse: Zanklstra\u00dfe 51, 8051 GrazTelefon: +43 664 99 365 854E-Mail: office@isabellakeilani.com Firmenbuchnummer: FN 529425tUST.-ID: ATU 65546634Firmenbuchgericht: Landesgericht f\u00fcr ZRS Graz Mitglied der WK Steiermark, FG Gewerbliche DienstleisterAufsichtsbeh\u00f6rde: Magistrat der Stadt GrazBerufsrecht: Gewerbeordnung: www.ris.bka.gv.at Verbraucher haben die M\u00f6glichkeit, Beschwerden an die Online-Streitbeilegungsplattform der EU zu [&hellip;]","og_url":"https:\/\/www.isabellakeilani.com\/en\/impressum\/","og_site_name":"Sparkside","article_publisher":"https:\/\/www.facebook.com\/sparkside.training","article_modified_time":"2023-09-19T06:31:27+00:00","og_image":[{"width":1200,"height":675,"url":"https:\/\/www.isabellakeilani.com\/wordpress\/wp-content\/uploads\/2023\/09\/SEO_Bild_Website.jpg","type":"image\/jpeg"}],"schema":{"@context":"https:\/\/schema.org","@graph":[{"@type":"WebPage","@id":"https:\/\/www.isabellakeilani.com\/en\/impressum\/","url":"https:\/\/www.isabellakeilani.com\/en\/impressum\/","name":"Impressum | Sparkside","isPartOf":{"@id":"https:\/\/www.isabellakeilani.com\/en\/#website"},"datePublished":"2023-09-12T12:10:45+00:00","dateModified":"2023-09-19T06:31:27+00:00","breadcrumb":{"@id":"https:\/\/www.isabellakeilani.com\/en\/impressum\/#breadcrumb"},"inLanguage":"en-US","potentialAction":[{"@type":"ReadAction","target":["https:\/\/www.isabellakeilani.com\/en\/impressum\/"]}]},{"@type":"BreadcrumbList","@id":"https:\/\/www.isabellakeilani.com\/en\/impressum\/#breadcrumb","itemListElement":[{"@type":"ListItem","position":1,"name":"Startseite","item":"https:\/\/www.isabellakeilani.com\/en\/"},{"@type":"ListItem","position":2,"name":"Impressum"}]},{"@type":"WebSite","@id":"https:\/\/www.isabellakeilani.com\/en\/#website","url":"https:\/\/www.isabellakeilani.com\/en\/","name":"sparkside training & coaching","description":"F\u00fchrungskr\u00e4ftetraining, Teamentwicklung, Kommunikation &amp; Coaching","publisher":{"@id":"https:\/\/www.isabellakeilani.com\/en\/#organization"},"alternateName":"Isabella Keilani","potentialAction":[{"@type":"SearchAction","target":{"@type":"EntryPoint","urlTemplate":"https:\/\/www.isabellakeilani.com\/en\/?s={search_term_string}"},"query-input":{"@type":"PropertyValueSpecification","valueRequired":true,"valueName":"search_term_string"}}],"inLanguage":"en-US"},{"@type":"Organization","@id":"https:\/\/www.isabellakeilani.com\/en\/#organization","name":"Sparkside","url":"https:\/\/www.isabellakeilani.com\/en\/","logo":{"@type":"ImageObject","inLanguage":"en-US","@id":"https:\/\/www.isabellakeilani.com\/en\/#\/schema\/logo\/image\/","url":"https:\/\/www.isabellakeilani.com\/wordpress\/wp-content\/uploads\/2023\/09\/Logo_Sparkside_2.png","contentUrl":"https:\/\/www.isabellakeilani.com\/wordpress\/wp-content\/uploads\/2023\/09\/Logo_Sparkside_2.png","width":606,"height":182,"caption":"Sparkside"},"image":{"@id":"https:\/\/www.isabellakeilani.com\/en\/#\/schema\/logo\/image\/"},"sameAs":["https:\/\/www.facebook.com\/sparkside.training","https:\/\/www.linkedin.com\/in\/isabellakeilani\/","https:\/\/www.instagram.com\/isabella.keilani\/"]}]}},"_links":{"self":[{"href":"https:\/\/www.isabellakeilani.com\/en\/wp-json\/wp\/v2\/pages\/642"}],"collection":[{"href":"https:\/\/www.isabellakeilani.com\/en\/wp-json\/wp\/v2\/pages"}],"about":[{"href":"https:\/\/www.isabellakeilani.com\/en\/wp-json\/wp\/v2\/types\/page"}],"author":[{"embeddable":true,"href":"https:\/\/www.isabellakeilani.com\/en\/wp-json\/wp\/v2\/users\/1"}],"replies":[{"embeddable":true,"href":"https:\/\/www.isabellakeilani.com\/en\/wp-json\/wp\/v2\/comments?post=642"}],"version-history":[{"count":1,"href":"https:\/\/www.isabellakeilani.com\/en\/wp-json\/wp\/v2\/pages\/642\/revisions"}],"predecessor-version":[{"id":643,"href":"https:\/\/www.isabellakeilani.com\/en\/wp-json\/wp\/v2\/pages\/642\/revisions\/643"}],"wp:attachment":[{"href":"https:\/\/www.isabellakeilani.com\/en\/wp-json\/wp\/v2\/media?parent=642"}],"curies":[{"name":"wp","href":"https:\/\/api.w.org\/{rel}","templated":true}]}}